{"id":1295,"date":"2025-09-30T09:01:18","date_gmt":"2025-09-30T14:01:18","guid":{"rendered":"https:\/\/www.politecnicoags.edu.co\/?page_id=1295"},"modified":"2025-09-30T09:09:09","modified_gmt":"2025-09-30T14:09:09","slug":"tramites-y-servicios","status":"publish","type":"page","link":"https:\/\/www.politecnicoags.edu.co\/?page_id=1295","title":{"rendered":"Tr\u00e1mites y servicios"},"content":{"rendered":"\t\t<div data-elementor-type=\"wp-page\" data-elementor-id=\"1295\" class=\"elementor elementor-1295\">\n\t\t\t\t<div class=\"elementor-element elementor-element-88060b7 e-flex e-con-boxed e-con e-parent\" data-id=\"88060b7\" data-element_type=\"container\" data-e-type=\"container\">\n\t\t\t\t\t<div class=\"e-con-inner\">\n\t\t\t\t<div class=\"elementor-element elementor-element-f0063c1 elementor-widget elementor-widget-text-editor\" data-id=\"f0063c1\" data-element_type=\"widget\" data-e-type=\"widget\" data-widget_type=\"text-editor.default\">\n\t\t\t\t<div class=\"elementor-widget-container\">\n\t\t\t\t\t\t\t\t\t<p><b><strong>Tr\u00e1mites, Procedimientos Administrativos y Acceso a la Informaci\u00f3n P\u00fablica<\/strong><\/b><\/p>\t\t\t\t\t\t\t\t<\/div>\n\t\t\t\t<\/div>\n\t\t\t\t\t<\/div>\n\t\t\t\t<\/div>\n\t\t<div class=\"elementor-element elementor-element-26bb874 e-flex e-con-boxed e-con e-parent\" data-id=\"26bb874\" data-element_type=\"container\" data-e-type=\"container\">\n\t\t\t\t\t<div class=\"e-con-inner\">\n\t\t\t\t<div class=\"elementor-element elementor-element-2af6a7c elementor-widget elementor-widget-text-editor\" data-id=\"2af6a7c\" data-element_type=\"widget\" data-e-type=\"widget\" data-widget_type=\"text-editor.default\">\n\t\t\t\t<div class=\"elementor-widget-container\">\n\t\t\t\t\t\t\t\t\t<p style=\"font-weight: 400;\">La <span>Instituci\u00f3n Educativa Polit\u00e9cnico \u00ab\u00c1lvaro Gonz\u00e1lez Santana\u00bb<\/span> pone a disposici\u00f3n de la comunidad la informaci\u00f3n sobre los tr\u00e1mites y servicios que se pueden solicitar en la instituci\u00f3n, as\u00ed como los canales de atenci\u00f3n para consultas y acceso a la informaci\u00f3n p\u00fablica.<\/p><table width=\"671\" style=\"font-weight: 400;\"><tbody><tr><td width=\"102\"><p><b><strong>TR\u00c1MITE<\/strong><\/b><\/p><\/td><td width=\"181\"><p><b><strong>PROCESO<\/strong><\/b><\/p><\/td><td width=\"132\"><p><b><strong>COSTOS ASOCIADOS<\/strong><\/b><\/p><\/td><td width=\"114\"><p><b><strong>FORMATOS \/ FORMULARIOS ASOCIADOS<\/strong><\/b><\/p><\/td><td width=\"142\"><p><b><strong>NORMATIVIDAD QUE SUSTENTA EL TRAMITE<\/strong><\/b><\/p><\/td><\/tr><tr><td width=\"102\"><p>Matr\u00edcula estudiantes nuevos<\/p><\/td><td width=\"181\"><p>Mediante Plataforma Virtual Gnosoft<\/p><\/td><td width=\"132\"><p>Matricula &#8211; Gratuito<\/p><p>El seguro estudiantil<\/p><p>Seg\u00fan la vigencia<span>\u00a0<\/span><span>\u00a0<\/span><\/p><\/td><td width=\"114\"><p>Orden de matr\u00edcula emitida por la instituci\u00f3n.<\/p><\/td><td width=\"142\"><p>Ley 115 de 1994 \u2013 Ley General de Educaci\u00f3n.<\/p><p>Decreto 1075 de 2015 \u2013 Decreto \u00danico Reglamentario del Sector Educaci\u00f3n (Libro 2, Parte 3, T\u00edtulo 2, Cap. 3: matr\u00edcula y cupos escolares).<\/p><p>Resoluciones de la Secretar\u00eda de Educaci\u00f3n Municipal o Departamental que regulen calendario y procedimientos de matr\u00edcula.<\/p><p>Manual de Convivencia institucional (articulado con Ley 1620 de 2013 \u2013 Sistema Nacional de Convivencia Escolar).<\/p><\/td><\/tr><tr><td width=\"102\"><p>Renovaci\u00f3n de matr\u00edcula para estudiantes Antiguos<\/p><\/td><td width=\"181\"><p>El acudiente y el estudiante deben presentarse en la Institucion con los documentos acad\u00e9micos y administrativos exigidos, para su entrega.<\/p><p>Confirmar la aceptaci\u00f3n de la matr\u00edcula y firmar los compromisos establecidos en el Manual de Convivencia.<\/p><\/td><td width=\"132\"><p>Matricula &#8211; Gratuito<\/p><p>El seguro estudiantil<\/p><p>Seg\u00fan la vigencia<\/p><\/td><td width=\"114\"><p>Formato de renovaci\u00f3n de matr\u00edcula disponible en Secretar\u00eda.<\/p><\/td><td width=\"142\"><p>Ley 115 de 1994 \u2013 Ley General de Educaci\u00f3n.<\/p><p>Decreto 1075 de 2015 \u2013 Decreto \u00danico Reglamentario del Sector Educaci\u00f3n (Libro 2, Parte 3, T\u00edtulo 2, Cap. 3: matr\u00edcula y cupos escolares).<\/p><p>Resoluciones de la Secretar\u00eda de Educaci\u00f3n Municipal o Departamental que regulen calendario y procedimientos de matr\u00edcula.<\/p><p>Manual de Convivencia institucional (articulado con Ley 1620 de 2013 \u2013 Sistema Nacional de Convivencia Escolar).<\/p><\/td><\/tr><tr><td width=\"102\"><p>Solicitud de constancias de estudios<\/p><\/td><td width=\"181\"><p>Presentar la solicitud en Secretar\u00eda (presencial o v\u00eda correo institucional).<\/p><p>Informar hacia qui\u00e9n va dirigida la constancia.<\/p><p>Reclamar la constancia en la fecha asignada<\/p><\/td><td width=\"132\"><p>Gratuito.<\/p><\/td><td width=\"114\"><p>Formato de solicitud de constancias<\/p><\/td><td width=\"142\"><p>Decreto 1290 de 2009 \u2013 Evaluaci\u00f3n del aprendizaje y promoci\u00f3n de estudiantes.<\/p><p>Decreto 1075 de 2015 \u2013 Obliga a expedir constancias y certificados acad\u00e9micos.<\/p><p>Ley 115 de 1994 \u2013 Derecho de los estudiantes a recibir certificaciones.<\/p><\/td><\/tr><tr><td width=\"102\"><p>Certificaciones Acad\u00e9micas<\/p><\/td><td width=\"181\"><p>Solicitar la certificaci\u00f3n en Secretar\u00eda o correo institucional.<\/p><p>Indicar curso y a\u00f1o en que estudi\u00f3 en la instituci\u00f3n.<\/p><p>Esperar validaci\u00f3n y expedici\u00f3n del documento.<\/p><p>Reclamar el certificado en la fecha indicada.<\/p><\/td><td width=\"132\"><p>Gratuito.<\/p><\/td><td width=\"114\"><p>Formato de Solicitud de Certificados<\/p><\/td><td width=\"142\"><p>Decreto 1290 de 2009 \u2013 Evaluaci\u00f3n del aprendizaje y promoci\u00f3n de estudiantes.<\/p><p>Decreto 1075 de 2015 \u2013 Obliga a expedir constancias y certificados acad\u00e9micos.<\/p><p>Ley 115 de 1994 \u2013 Derecho de los estudiantes a recibir certificaciones.<\/p><\/td><\/tr><tr><td width=\"102\"><p>PQRSD\u00a0<\/p><\/td><td width=\"181\"><p>Peticiones, Quejas, Reclamos y Sugerencias<span>\u00a0<\/span><span>\u00a0\u00a0\u00a0\u00a0\u00a0\u00a0\u00a0\u00a0\u00a0\u00a0\u00a0 Radicar en Secretar\u00eda o por medio del formato web disponible.<\/span><\/p><\/td><td width=\"132\"><p>Gratuito.<\/p><\/td><td width=\"114\"><p>Formato PQRS disponible en Secretar\u00eda y p\u00e1gina web.<\/p><\/td><td width=\"142\"><p>Ley 1755 de 2015 \u2013 Derecho fundamental de petici\u00f3n.<\/p><p>Ley 1437 de 2011 (CPACA) \u2013 Procedimiento Administrativo y de lo Contencioso Administrativo.<\/p><p>Decreto 2106 de 2019 \u2013 Simplificaci\u00f3n de tr\u00e1mites.<\/p><p>Resoluci\u00f3n 1519 de 2020 \u2013 Acceso a la informaci\u00f3n p\u00fablica.<\/p><\/td><\/tr><\/tbody><\/table><p style=\"font-weight: 400;\">La <span>Instituci\u00f3n Educativa Polit\u00e9cnico \u00ab\u00c1lvaro Gonz\u00e1lez Santana\u00bb<\/span> pone a disposici\u00f3n de la comunidad la informaci\u00f3n sobre los tr\u00e1mites y servicios que se pueden solicitar en la instituci\u00f3n, as\u00ed como los canales de atenci\u00f3n para consultas y acceso a la informaci\u00f3n p\u00fablica.<\/p><p style=\"font-weight: 400;\">Tr\u00e1mites disponibles<\/p><p style=\"font-weight: 400;\">Canales de atenci\u00f3n<\/p><ul style=\"font-weight: 400;\"><li>Presencial: Oficina de secretar\u00eda \u2013 Direcci\u00f3n: SEDE CENTRAL<br \/>CARRERA 17 N\u00b0 4 &#8211; 42 SUR BARRIO UNIVERSITARIO<\/li><li>Correo electr\u00f3nico: politecnico-educacion@sogamoso-boyaca.gov.co<\/li><li><\/li><\/ul><ul style=\"font-weight: 400;\"><li>P\u00e1gina web:<span>\u00a0<\/span><a href=\"http:\/\/www.ieelcrucero-sogamoso-boyaca.edu.co\/\">https:\/\/www.politecnicoags.edu.co\/<\/a><\/li><\/ul><p style=\"font-weight: 400;\">Normativa que sustenta la publicaci\u00f3n de tr\u00e1mites y canales de atenci\u00f3n es la siguiente:<\/p><ul style=\"font-weight: 400;\"><li>Ley 1712 de 2014 \u2013 Ley de Transparencia y del Derecho de Acceso a la Informaci\u00f3n P\u00fablica.<\/li><\/ul><ul style=\"font-weight: 400;\"><li>Resoluci\u00f3n 1519 de 2020 \u2013 Lineamientos para la publicaci\u00f3n de la secci\u00f3n de Transparencia en p\u00e1ginas web.<\/li><\/ul><p style=\"font-weight: 400;\">Si desea conocer m\u00e1s acerca de las normativas anteriormente mencionadas ingrese al siguiente link:\u00a0<a href=\"https:\/\/www.politecnicoags.edu.co\/\">https:\/\/www.politecnicoags.edu.co\/ (normatividad)<\/a><\/p><p style=\"font-weight: 400;\"><b><strong><u>Nota de transparencia<\/u><\/strong><\/b><\/p><p style=\"font-weight: 400;\">Esta informaci\u00f3n se publica en cumplimiento de la Resoluci\u00f3n 1519 de 2020, el Decreto 2106 de 2019 y la Ley 1437 de 2011, sobre transparencia y acceso a la informaci\u00f3n p\u00fablica.<\/p><p style=\"font-weight: 400;\">Normatividad que sustenta\u00a0<\/p>\t\t\t\t\t\t\t\t<\/div>\n\t\t\t\t<\/div>\n\t\t\t\t\t<\/div>\n\t\t\t\t<\/div>\n\t\t\t\t<\/div>\n\t\t","protected":false},"excerpt":{"rendered":"<p>Tr\u00e1mites, Procedimientos Administrativos y Acceso a la Informaci\u00f3n P\u00fablica La Instituci\u00f3n Educativa Polit\u00e9cnico \u00ab\u00c1lvaro Gonz\u00e1lez Santana\u00bb pone a disposici\u00f3n de la comunidad la informaci\u00f3n sobre los tr\u00e1mites y servicios que se pueden solicitar en la instituci\u00f3n, as\u00ed como los canales de atenci\u00f3n para consultas y acceso a la informaci\u00f3n p\u00fablica. [&hellip;]<\/p>\n","protected":false},"author":1,"featured_media":0,"parent":0,"menu_order":0,"comment_status":"closed","ping_status":"closed","template":"page-templates\/template-pagebuilder-full-width.php","meta":{"footnotes":""},"class_list":["post-1295","page","type-page","status-publish","hentry"],"_links":{"self":[{"href":"https:\/\/www.politecnicoags.edu.co\/index.php?rest_route=\/wp\/v2\/pages\/1295","targetHints":{"allow":["GET"]}}],"collection":[{"href":"https:\/\/www.politecnicoags.edu.co\/index.php?rest_route=\/wp\/v2\/pages"}],"about":[{"href":"https:\/\/www.politecnicoags.edu.co\/index.php?rest_route=\/wp\/v2\/types\/page"}],"author":[{"embeddable":true,"href":"https:\/\/www.politecnicoags.edu.co\/index.php?rest_route=\/wp\/v2\/users\/1"}],"replies":[{"embeddable":true,"href":"https:\/\/www.politecnicoags.edu.co\/index.php?rest_route=%2Fwp%2Fv2%2Fcomments&post=1295"}],"version-history":[{"count":10,"href":"https:\/\/www.politecnicoags.edu.co\/index.php?rest_route=\/wp\/v2\/pages\/1295\/revisions"}],"predecessor-version":[{"id":1305,"href":"https:\/\/www.politecnicoags.edu.co\/index.php?rest_route=\/wp\/v2\/pages\/1295\/revisions\/1305"}],"wp:attachment":[{"href":"https:\/\/www.politecnicoags.edu.co\/index.php?rest_route=%2Fwp%2Fv2%2Fmedia&parent=1295"}],"curies":[{"name":"wp","href":"https:\/\/api.w.org\/{rel}","templated":true}]}}