{"id":171,"date":"2022-09-29T10:01:34","date_gmt":"2022-09-29T15:01:34","guid":{"rendered":"https:\/\/www.politecnicoags.edu.co\/?page_id=171"},"modified":"2025-08-28T18:26:37","modified_gmt":"2025-08-28T23:26:37","slug":"nosotros","status":"publish","type":"page","link":"https:\/\/www.politecnicoags.edu.co\/?page_id=171","title":{"rendered":"Nosotros"},"content":{"rendered":"\t\t<div data-elementor-type=\"wp-page\" data-elementor-id=\"171\" class=\"elementor elementor-171\">\n\t\t\t\t<div class=\"elementor-element elementor-element-a247aa1 e-flex e-con-boxed e-con e-parent\" data-id=\"a247aa1\" data-element_type=\"container\" data-e-type=\"container\">\n\t\t\t\t\t<div class=\"e-con-inner\">\n\t\t\t\t<div class=\"elementor-element elementor-element-16b15072 elementor-widget elementor-widget-text-editor\" data-id=\"16b15072\" data-element_type=\"widget\" data-e-type=\"widget\" data-widget_type=\"text-editor.default\">\n\t\t\t\t<div class=\"elementor-widget-container\">\n\t\t\t\t\t\t\t\t\t\n<figure class=\"wp-block-image size-large\"><img fetchpriority=\"high\" decoding=\"async\" width=\"1024\" height=\"189\" src=\"https:\/\/www.politecnicoags.edu.co\/wp-content\/uploads\/2022\/09\/PANO_20200206_183054-1024x189.jpg\" alt=\"\" class=\"wp-image-72\" srcset=\"https:\/\/www.politecnicoags.edu.co\/wp-content\/uploads\/2022\/09\/PANO_20200206_183054-1024x189.jpg 1024w, https:\/\/www.politecnicoags.edu.co\/wp-content\/uploads\/2022\/09\/PANO_20200206_183054-300x55.jpg 300w, https:\/\/www.politecnicoags.edu.co\/wp-content\/uploads\/2022\/09\/PANO_20200206_183054-768x142.jpg 768w, https:\/\/www.politecnicoags.edu.co\/wp-content\/uploads\/2022\/09\/PANO_20200206_183054-1536x284.jpg 1536w, https:\/\/www.politecnicoags.edu.co\/wp-content\/uploads\/2022\/09\/PANO_20200206_183054-2048x378.jpg 2048w\" sizes=\"(max-width: 1024px) 100vw, 1024px\" \/><\/figure>\n\t\t\t\t\t\t\t\t<\/div>\n\t\t\t\t<\/div>\n\t\t\t\t\t<\/div>\n\t\t\t\t<\/div>\n\t\t<div class=\"elementor-element elementor-element-91021b3 e-flex e-con-boxed e-con e-parent\" data-id=\"91021b3\" data-element_type=\"container\" data-e-type=\"container\">\n\t\t\t\t\t<div class=\"e-con-inner\">\n\t\t\t\t<div class=\"elementor-element elementor-element-4e3f6ff elementor-view-default elementor-widget elementor-widget-icon\" data-id=\"4e3f6ff\" data-element_type=\"widget\" data-e-type=\"widget\" data-widget_type=\"icon.default\">\n\t\t\t\t<div class=\"elementor-widget-container\">\n\t\t\t\t\t\t\t<div class=\"elementor-icon-wrapper\">\n\t\t\t<div class=\"elementor-icon\">\n\t\t\t<i aria-hidden=\"true\" class=\"fas fa-star\"><\/i>\t\t\t<\/div>\n\t\t<\/div>\n\t\t\t\t\t\t<\/div>\n\t\t\t\t<\/div>\n\t\t\t\t\t<\/div>\n\t\t\t\t<\/div>\n\t\t<div class=\"elementor-element elementor-element-92f9900 e-flex e-con-boxed e-con e-parent\" data-id=\"92f9900\" data-element_type=\"container\" data-e-type=\"container\">\n\t\t\t\t\t<div class=\"e-con-inner\">\n\t\t\t\t<div class=\"elementor-element elementor-element-2471d96 elementor-widget elementor-widget-text-editor\" data-id=\"2471d96\" data-element_type=\"widget\" data-e-type=\"widget\" data-widget_type=\"text-editor.default\">\n\t\t\t\t<div class=\"elementor-widget-container\">\n\t\t\t\t\t\t\t\t\t<h1 style=\"text-align: center;\"><span>\u00a0<\/span><span style=\"font-size: inherit;\">Nuestros Pilares<\/span><\/h1>\t\t\t\t\t\t\t\t<\/div>\n\t\t\t\t<\/div>\n\t\t\t\t\t<\/div>\n\t\t\t\t<\/div>\n\t\t<div class=\"elementor-element elementor-element-a0bd5c5 e-flex e-con-boxed e-con e-parent\" data-id=\"a0bd5c5\" data-element_type=\"container\" data-e-type=\"container\">\n\t\t\t\t\t<div class=\"e-con-inner\">\n\t\t\t\t<div class=\"elementor-element elementor-element-916a70f elementor-widget elementor-widget-n-accordion\" data-id=\"916a70f\" data-element_type=\"widget\" data-e-type=\"widget\" data-settings=\"{&quot;n_accordion_animation_duration&quot;:{&quot;unit&quot;:&quot;ms&quot;,&quot;size&quot;:1200,&quot;sizes&quot;:[]},&quot;default_state&quot;:&quot;expanded&quot;,&quot;max_items_expended&quot;:&quot;one&quot;}\" data-widget_type=\"nested-accordion.default\">\n\t\t\t\t<div class=\"elementor-widget-container\">\n\t\t\t\t\t\t\t<div class=\"e-n-accordion\" aria-label=\"Accordion. Open links with Enter or Space, close with Escape, and navigate with Arrow Keys\">\n\t\t\t\t\t\t<details id=\"e-n-accordion-item-1520\" class=\"e-n-accordion-item\" open>\n\t\t\t\t<summary class=\"e-n-accordion-item-title\" data-accordion-index=\"1\" tabindex=\"0\" aria-expanded=\"true\" aria-controls=\"e-n-accordion-item-1520\" >\n\t\t\t\t\t<span class='e-n-accordion-item-title-header'><div class=\"e-n-accordion-item-title-text\"> Misi\u00f3n <\/div><\/span>\n\t\t\t\t\t\t\t<span class='e-n-accordion-item-title-icon'>\n\t\t\t<span class='e-opened' ><i aria-hidden=\"true\" class=\"fas fa-minus\"><\/i><\/span>\n\t\t\t<span class='e-closed'><i aria-hidden=\"true\" class=\"fas fa-plus\"><\/i><\/span>\n\t\t<\/span>\n\n\t\t\t\t\t\t<\/summary>\n\t\t\t\t<div role=\"region\" aria-labelledby=\"e-n-accordion-item-1520\" class=\"elementor-element elementor-element-fc438f9 e-con-full e-flex e-con e-child\" data-id=\"fc438f9\" data-element_type=\"container\" data-e-type=\"container\">\n\t\t<div role=\"region\" aria-labelledby=\"e-n-accordion-item-1520\" class=\"elementor-element elementor-element-8db6f57 e-flex e-con-boxed e-con e-child\" data-id=\"8db6f57\" data-element_type=\"container\" data-e-type=\"container\">\n\t\t\t\t\t<div class=\"e-con-inner\">\n\t\t\t\t<div class=\"elementor-element elementor-element-011f7e3 elementor-drop-cap-yes elementor-drop-cap-view-default elementor-widget elementor-widget-text-editor\" data-id=\"011f7e3\" data-element_type=\"widget\" data-e-type=\"widget\" data-settings=\"{&quot;drop_cap&quot;:&quot;yes&quot;}\" data-widget_type=\"text-editor.default\">\n\t\t\t\t<div class=\"elementor-widget-container\">\n\t\t\t\t\t\t\t\t\t<p><img decoding=\"async\" src=\"https:\/\/www.politecnicoags.edu.co\/wp-content\/uploads\/2025\/08\/490031906_1072180291606495_7918038078554234197_n-150x150.jpg\" alt=\"\" width=\"150\" height=\"150\" class=\"size-thumbnail wp-image-573 alignleft\" data-wp-editing=\"1\" \/><span>La<strong> Instituci\u00f3n Educativa Polit\u00e9cnico \u00ab\u00c1lvaro Gonz\u00e1lez Santana\u00bb<\/strong> junto a la <strong>Red Educativa Lasallista<\/strong> animamos comunidades educativas que, inspiradas en el Evangelio y el carisma de La Salle, educan de manera integral para incidir en la transformaci\u00f3n de la vida personal, la convivencia social y la relaci\u00f3n con la casa com\u00fan. Desde la opci\u00f3n preferencial por los pobre<\/span>s y el cuidado de la vida, formamos personas comprometidas con la fraternidad, el pensamiento cr\u00edtico, la justicia y la construcci\u00f3n de paz en un mundo div<\/p>\n<p><span>erso y en constante cambio<\/span><\/p>\t\t\t\t\t\t\t\t<\/div>\n\t\t\t\t<\/div>\n\t\t\t\t\t<\/div>\n\t\t\t\t<\/div>\n\t\t\t\t<\/div>\n\t\t\t\t\t<\/details>\n\t\t\t\t\t\t<details id=\"e-n-accordion-item-1521\" class=\"e-n-accordion-item\" >\n\t\t\t\t<summary class=\"e-n-accordion-item-title\" data-accordion-index=\"2\" tabindex=\"-1\" aria-expanded=\"false\" aria-controls=\"e-n-accordion-item-1521\" >\n\t\t\t\t\t<span class='e-n-accordion-item-title-header'><div class=\"e-n-accordion-item-title-text\"> Visi\u00f3n  <\/div><\/span>\n\t\t\t\t\t\t\t<span class='e-n-accordion-item-title-icon'>\n\t\t\t<span class='e-opened' ><i aria-hidden=\"true\" class=\"fas fa-minus\"><\/i><\/span>\n\t\t\t<span class='e-closed'><i aria-hidden=\"true\" class=\"fas fa-plus\"><\/i><\/span>\n\t\t<\/span>\n\n\t\t\t\t\t\t<\/summary>\n\t\t\t\t<div role=\"region\" aria-labelledby=\"e-n-accordion-item-1521\" class=\"elementor-element elementor-element-07158ad e-con-full e-flex e-con e-child\" data-id=\"07158ad\" data-element_type=\"container\" data-e-type=\"container\">\n\t\t<div role=\"region\" aria-labelledby=\"e-n-accordion-item-1521\" class=\"elementor-element elementor-element-8ff6e6b e-flex e-con-boxed e-con e-child\" data-id=\"8ff6e6b\" data-element_type=\"container\" data-e-type=\"container\">\n\t\t\t\t\t<div class=\"e-con-inner\">\n\t\t\t\t<div class=\"elementor-element elementor-element-f2cab19 elementor-drop-cap-yes elementor-drop-cap-view-default elementor-widget elementor-widget-text-editor\" data-id=\"f2cab19\" data-element_type=\"widget\" data-e-type=\"widget\" data-settings=\"{&quot;drop_cap&quot;:&quot;yes&quot;}\" data-widget_type=\"text-editor.default\">\n\t\t\t\t<div class=\"elementor-widget-container\">\n\t\t\t\t\t\t\t\t\t<p><span>\u00a0<\/span><\/p>\n<p><img decoding=\"async\" src=\"https:\/\/www.politecnicoags.edu.co\/wp-content\/uploads\/2022\/09\/305993172_10159001237672810_3078728169875866650_n-150x150.jpg\" alt=\"\" width=\"150\" height=\"150\" class=\"size-thumbnail wp-image-112 alignleft\" srcset=\"https:\/\/www.politecnicoags.edu.co\/wp-content\/uploads\/2022\/09\/305993172_10159001237672810_3078728169875866650_n-150x150.jpg 150w, https:\/\/www.politecnicoags.edu.co\/wp-content\/uploads\/2022\/09\/305993172_10159001237672810_3078728169875866650_n-300x300.jpg 300w, https:\/\/www.politecnicoags.edu.co\/wp-content\/uploads\/2022\/09\/305993172_10159001237672810_3078728169875866650_n-1024x1024.jpg 1024w, https:\/\/www.politecnicoags.edu.co\/wp-content\/uploads\/2022\/09\/305993172_10159001237672810_3078728169875866650_n-768x768.jpg 768w, https:\/\/www.politecnicoags.edu.co\/wp-content\/uploads\/2022\/09\/305993172_10159001237672810_3078728169875866650_n.jpg 1196w\" sizes=\"(max-width: 150px) 100vw, 150px\" \/><\/p>\n<p><span>En el a\u00f1o 2035, seremos reconocidos por:<\/span><\/p>\n<ul>\n<li><span><\/span>Ser comunidades educativas que reflexionan, innovan y oran los procesos formativos desde una espiritualidad lasallista comprometida con la vida.<\/li>\n<\/ul>\n<p><\/p>\n<ul>\n<li>Ser una red viva que educa con excelencia para una sociedad justa, fraterna, democr\u00e1tica, inclusiva y comprometida con la ecolog\u00eda integral.<\/li>\n<\/ul>\n<ul>\n<li>Consolidar un liderazgo distribuido que fortalezca la corresponsabilidad, la participaci\u00f3n activa y la vivencia del carisma en todas nu<\/li>\n<li>estras comunidades educativas.<\/li>\n<\/ul>\n<ul>\n<li>Mantener una opci\u00f3n preferencial por los pobres, especialmente por la ni\u00f1ez y la juventud en situaci\u00f3n de vulnerabilidad.<\/li>\n<\/ul>\n<ul>\n<li>Anunciar el Evangelio de manera contextualizada y coherente con los desaf\u00edos del mundo actual.<\/li>\n<\/ul>\n<ul>\n<li>Ser referentes en una formaci\u00f3n integral que incluye el desarrollo emocional y la vivencia de la interioridad.<\/li>\n<\/ul>\n<ul>\n<li><br \/>Generar conocimiento educativo pertinente, abierto al di\u00e1logo de saberes y orientado a la transformaci\u00f3n social y ecol\u00f3gica.<\/li>\n<\/ul>\n<p><\/p>\t\t\t\t\t\t\t\t<\/div>\n\t\t\t\t<\/div>\n\t\t\t\t\t<\/div>\n\t\t\t\t<\/div>\n\t\t\t\t<\/div>\n\t\t\t\t\t<\/details>\n\t\t\t\t\t<\/div>\n\t\t\t\t\t\t<\/div>\n\t\t\t\t<\/div>\n\t\t\t\t\t<\/div>\n\t\t\t\t<\/div>\n\t\t<div class=\"elementor-element elementor-element-7fc6b9b e-flex e-con-boxed e-con e-parent\" data-id=\"7fc6b9b\" data-element_type=\"container\" data-e-type=\"container\">\n\t\t\t\t\t<div class=\"e-con-inner\">\n\t\t\t\t<div class=\"elementor-element elementor-element-98cee08 elementor-widget-divider--view-line elementor-widget elementor-widget-divider\" data-id=\"98cee08\" data-element_type=\"widget\" data-e-type=\"widget\" data-widget_type=\"divider.default\">\n\t\t\t\t<div class=\"elementor-widget-container\">\n\t\t\t\t\t\t\t<div class=\"elementor-divider\">\n\t\t\t<span class=\"elementor-divider-separator\">\n\t\t\t\t\t\t<\/span>\n\t\t<\/div>\n\t\t\t\t\t\t<\/div>\n\t\t\t\t<\/div>\n\t\t\t\t\t<\/div>\n\t\t\t\t<\/div>\n\t\t<div class=\"elementor-element elementor-element-c68c6db e-flex e-con-boxed e-con e-parent\" data-id=\"c68c6db\" data-element_type=\"container\" data-e-type=\"container\">\n\t\t\t\t\t<div class=\"e-con-inner\">\n\t\t\t\t<div class=\"elementor-element elementor-element-68f380a elementor-widget elementor-widget-image\" data-id=\"68f380a\" data-element_type=\"widget\" data-e-type=\"widget\" data-widget_type=\"image.default\">\n\t\t\t\t<div class=\"elementor-widget-container\">\n\t\t\t\t\t\t\t\t\t\t\t\t\t\t\t<img loading=\"lazy\" decoding=\"async\" width=\"750\" height=\"422\" src=\"https:\/\/www.politecnicoags.edu.co\/wp-content\/uploads\/2025\/08\/mapa-1024x576.jpg\" class=\"attachment-large size-large wp-image-594\" alt=\"\" srcset=\"https:\/\/www.politecnicoags.edu.co\/wp-content\/uploads\/2025\/08\/mapa-1024x576.jpg 1024w, https:\/\/www.politecnicoags.edu.co\/wp-content\/uploads\/2025\/08\/mapa-300x169.jpg 300w, https:\/\/www.politecnicoags.edu.co\/wp-content\/uploads\/2025\/08\/mapa-768x432.jpg 768w, https:\/\/www.politecnicoags.edu.co\/wp-content\/uploads\/2025\/08\/mapa.jpg 1366w\" sizes=\"(max-width: 750px) 100vw, 750px\" \/>\t\t\t\t\t\t\t\t\t\t\t\t\t\t\t<\/div>\n\t\t\t\t<\/div>\n\t\t\t\t\t<\/div>\n\t\t\t\t<\/div>\n\t\t\t\t<\/div>\n\t\t","protected":false},"excerpt":{"rendered":"<p>\u00a0Nuestros Pilares Misi\u00f3n La Instituci\u00f3n Educativa Polit\u00e9cnico \u00ab\u00c1lvaro Gonz\u00e1lez Santana\u00bb junto a la Red Educativa Lasallista animamos comunidades educativas que, inspiradas en el Evangelio y el carisma de La Salle, educan de manera integral para incidir en la transformaci\u00f3n de la vida personal, la convivencia social y la relaci\u00f3n con [&hellip;]<\/p>\n","protected":false},"author":1,"featured_media":0,"parent":0,"menu_order":0,"comment_status":"closed","ping_status":"closed","template":"","meta":{"footnotes":""},"class_list":["post-171","page","type-page","status-publish","hentry"],"_links":{"self":[{"href":"https:\/\/www.politecnicoags.edu.co\/index.php?rest_route=\/wp\/v2\/pages\/171","targetHints":{"allow":["GET"]}}],"collection":[{"href":"https:\/\/www.politecnicoags.edu.co\/index.php?rest_route=\/wp\/v2\/pages"}],"about":[{"href":"https:\/\/www.politecnicoags.edu.co\/index.php?rest_route=\/wp\/v2\/types\/page"}],"author":[{"embeddable":true,"href":"https:\/\/www.politecnicoags.edu.co\/index.php?rest_route=\/wp\/v2\/users\/1"}],"replies":[{"embeddable":true,"href":"https:\/\/www.politecnicoags.edu.co\/index.php?rest_route=%2Fwp%2Fv2%2Fcomments&post=171"}],"version-history":[{"count":17,"href":"https:\/\/www.politecnicoags.edu.co\/index.php?rest_route=\/wp\/v2\/pages\/171\/revisions"}],"predecessor-version":[{"id":597,"href":"https:\/\/www.politecnicoags.edu.co\/index.php?rest_route=\/wp\/v2\/pages\/171\/revisions\/597"}],"wp:attachment":[{"href":"https:\/\/www.politecnicoags.edu.co\/index.php?rest_route=%2Fwp%2Fv2%2Fmedia&parent=171"}],"curies":[{"name":"wp","href":"https:\/\/api.w.org\/{rel}","templated":true}]}}