{"id":474,"date":"2025-03-10T13:10:14","date_gmt":"2025-03-10T18:10:14","guid":{"rendered":"https:\/\/www.politecnicoags.edu.co\/?page_id=474"},"modified":"2025-07-08T12:55:03","modified_gmt":"2025-07-08T17:55:03","slug":"manual-de-convivencia","status":"publish","type":"page","link":"https:\/\/www.politecnicoags.edu.co\/?page_id=474","title":{"rendered":"Manual de Convivencia"},"content":{"rendered":"\t\t<div data-elementor-type=\"wp-page\" data-elementor-id=\"474\" class=\"elementor elementor-474\">\n\t\t\t\t<div class=\"elementor-element elementor-element-5d557c15 e-flex e-con-boxed e-con e-parent\" data-id=\"5d557c15\" data-element_type=\"container\" data-e-type=\"container\">\n\t\t\t\t\t<div class=\"e-con-inner\">\n\t\t\t\t<div class=\"elementor-element elementor-element-205217d2 elementor-widget elementor-widget-text-editor\" data-id=\"205217d2\" data-element_type=\"widget\" data-e-type=\"widget\" data-widget_type=\"text-editor.default\">\n\t\t\t\t<div class=\"elementor-widget-container\">\n\t\t\t\t\t\t\t\t\t<figure class=\"wp-block-image size-full\"><img fetchpriority=\"high\" decoding=\"async\" width=\"1024\" height=\"683\" src=\"https:\/\/www.politecnicoags.edu.co\/wp-content\/uploads\/2025\/03\/image.png\" alt=\"\" class=\"wp-image-475\" srcset=\"https:\/\/www.politecnicoags.edu.co\/wp-content\/uploads\/2025\/03\/image.png 1024w, https:\/\/www.politecnicoags.edu.co\/wp-content\/uploads\/2025\/03\/image-300x200.png 300w, https:\/\/www.politecnicoags.edu.co\/wp-content\/uploads\/2025\/03\/image-768x512.png 768w, https:\/\/www.politecnicoags.edu.co\/wp-content\/uploads\/2025\/03\/image-360x240.png 360w\" sizes=\"(max-width: 1024px) 100vw, 1024px\" \/><\/figure>\n<p><!-- \/wp:image -->\n\n<!-- wp:paragraph --><\/p>\n<p>&nbsp;<\/p>\n<p>Este documento forma parte del Proyecto Educativo Institucional y define las normas -derechos y<br \/>obligaciones- de la comunidad educativa tal como lo contemplan los Art\u00edculos 73 y 87 de la Ley 115<br \/>de 1994, y que los padres o tutores y los educandos, al firmar la matr\u00edcula correspondiente en<br \/>representaci\u00f3n de sus hijos, estar\u00e1n aceptando. \u201cQuien se matricula en la Instituci\u00f3n Educativa, con<br \/>el objeto de ejercer el derecho constitucional fundamental que lo ampara, contrae por ese mismo<br \/>hecho obligaciones que debe cumplir, de tal manera que no puede invocar el mencionado derecho<br \/>para excusar las infracciones en que incurra\u201d.(ST-235\/97)<\/p>\n<p><!-- \/wp:paragraph -->\n\n\n<!-- wp:paragraph --><\/p>\n<p><!-- \/wp:paragraph --><\/p>\t\t\t\t\t\t\t\t<\/div>\n\t\t\t\t<\/div>\n\t\t\t\t\t<\/div>\n\t\t\t\t<\/div>\n\t\t<div class=\"elementor-element elementor-element-bbe7193 e-flex e-con-boxed e-con e-parent\" data-id=\"bbe7193\" data-element_type=\"container\" data-e-type=\"container\">\n\t\t\t\t\t<div class=\"e-con-inner\">\n\t\t\t\t<div class=\"elementor-element elementor-element-310281e elementor-button-success elementor-widget elementor-widget-button\" data-id=\"310281e\" data-element_type=\"widget\" data-e-type=\"widget\" data-widget_type=\"button.default\">\n\t\t\t\t<div class=\"elementor-widget-container\">\n\t\t\t\t\t\t\t\t\t<div class=\"elementor-button-wrapper\">\n\t\t\t\t\t<a class=\"elementor-button elementor-button-link elementor-size-sm\" href=\"https:\/\/www.politecnicoags.edu.co\/wp-content\/uploads\/2025\/07\/MANUAL-DE-CONVIVENCIA-I.E-POLITECNICO-A.G.S-julio-16.pdf\" target=\"_blank\">\n\t\t\t\t\t\t<span class=\"elementor-button-content-wrapper\">\n\t\t\t\t\t\t<span class=\"elementor-button-icon\">\n\t\t\t\t<i aria-hidden=\"true\" class=\"far fa-file-alt\"><\/i>\t\t\t<\/span>\n\t\t\t\t\t\t\t\t\t<span class=\"elementor-button-text\">Descargar Manual<\/span>\n\t\t\t\t\t<\/span>\n\t\t\t\t\t<\/a>\n\t\t\t\t<\/div>\n\t\t\t\t\t\t\t\t<\/div>\n\t\t\t\t<\/div>\n\t\t\t\t\t<\/div>\n\t\t\t\t<\/div>\n\t\t<div class=\"elementor-element elementor-element-3d30659 e-flex e-con-boxed e-con e-parent\" data-id=\"3d30659\" data-element_type=\"container\" data-e-type=\"container\">\n\t\t\t\t\t<div class=\"e-con-inner\">\n\t\t\t\t<div class=\"elementor-element elementor-element-fd7be23 elementor-widget elementor-widget-html\" data-id=\"fd7be23\" data-element_type=\"widget\" data-e-type=\"widget\" data-widget_type=\"html.default\">\n\t\t\t\t<div class=\"elementor-widget-container\">\n\t\t\t\t\t<div style=\"text-align:center;\"><div style=\"margin:8px 0px 4px;\"><a href=\"https:\/\/www.calameo.com\/books\/00681727252ba6be91d99\" target=\"_blank\">Manual De Convivencia I E Polit\u00e9cnico A G S Julio 16<\/a><\/div><iframe src=\"\/\/v.calameo.com\/?bkcode=00681727252ba6be91d99&mode=mini\" width=\"1080\" height=\"720\" frameborder=\"0\" scrolling=\"no\" allowtransparency allowfullscreen style=\"margin:0 auto;\"><\/iframe><div style=\"margin:4px 0px 8px;\"><a href=\"http:\/\/www.calameo.com\/\" target=\"_blank\"><\/a><\/div><\/div>\t\t\t\t<\/div>\n\t\t\t\t<\/div>\n\t\t\t\t\t<\/div>\n\t\t\t\t<\/div>\n\t\t\t\t<\/div>\n\t\t","protected":false},"excerpt":{"rendered":"<p>&nbsp; Este documento forma parte del Proyecto Educativo Institucional y define las normas -derechos yobligaciones- de la comunidad educativa tal como lo contemplan los Art\u00edculos 73 y 87 de la Ley 115de 1994, y que los padres o tutores y los educandos, al firmar la matr\u00edcula correspondiente enrepresentaci\u00f3n de sus [&hellip;]<\/p>\n","protected":false},"author":1,"featured_media":0,"parent":0,"menu_order":0,"comment_status":"closed","ping_status":"closed","template":"","meta":{"footnotes":""},"class_list":["post-474","page","type-page","status-publish","hentry"],"_links":{"self":[{"href":"https:\/\/www.politecnicoags.edu.co\/index.php?rest_route=\/wp\/v2\/pages\/474","targetHints":{"allow":["GET"]}}],"collection":[{"href":"https:\/\/www.politecnicoags.edu.co\/index.php?rest_route=\/wp\/v2\/pages"}],"about":[{"href":"https:\/\/www.politecnicoags.edu.co\/index.php?rest_route=\/wp\/v2\/types\/page"}],"author":[{"embeddable":true,"href":"https:\/\/www.politecnicoags.edu.co\/index.php?rest_route=\/wp\/v2\/users\/1"}],"replies":[{"embeddable":true,"href":"https:\/\/www.politecnicoags.edu.co\/index.php?rest_route=%2Fwp%2Fv2%2Fcomments&post=474"}],"version-history":[{"count":10,"href":"https:\/\/www.politecnicoags.edu.co\/index.php?rest_route=\/wp\/v2\/pages\/474\/revisions"}],"predecessor-version":[{"id":497,"href":"https:\/\/www.politecnicoags.edu.co\/index.php?rest_route=\/wp\/v2\/pages\/474\/revisions\/497"}],"wp:attachment":[{"href":"https:\/\/www.politecnicoags.edu.co\/index.php?rest_route=%2Fwp%2Fv2%2Fmedia&parent=474"}],"curies":[{"name":"wp","href":"https:\/\/api.w.org\/{rel}","templated":true}]}}