{"id":481,"date":"2025-03-10T13:16:26","date_gmt":"2025-03-10T18:16:26","guid":{"rendered":"https:\/\/www.politecnicoags.edu.co\/?page_id=481"},"modified":"2025-03-10T13:20:07","modified_gmt":"2025-03-10T18:20:07","slug":"sistema-institucional-de-evaluacion-de-los-estudiantes-siee-2024","status":"publish","type":"page","link":"https:\/\/www.politecnicoags.edu.co\/?page_id=481","title":{"rendered":"SISTEMA INSTITUCIONAL DE EVALUACI\u00d3N DE LOS ESTUDIANTES (SIEE) 2024"},"content":{"rendered":"\n<figure class=\"wp-block-image size-full\"><img fetchpriority=\"high\" decoding=\"async\" width=\"1024\" height=\"341\" src=\"https:\/\/www.politecnicoags.edu.co\/wp-content\/uploads\/2025\/03\/image-1.png\" alt=\"\" class=\"wp-image-484\" srcset=\"https:\/\/www.politecnicoags.edu.co\/wp-content\/uploads\/2025\/03\/image-1.png 1024w, https:\/\/www.politecnicoags.edu.co\/wp-content\/uploads\/2025\/03\/image-1-300x100.png 300w, https:\/\/www.politecnicoags.edu.co\/wp-content\/uploads\/2025\/03\/image-1-768x256.png 768w\" sizes=\"(max-width: 1024px) 100vw, 1024px\" \/><\/figure>\n\n\n\n<p>El siguiente documento, presenta a la Comunidad de la Instituci\u00f3n Educativa<br>Polit\u00e9cnico \u00c1lvaro Gonz\u00e1lez Santana de Sogamoso, lo que define y reglamenta el<br>Sistema Institucional de Evaluaci\u00f3n de los Estudiantes de Educaci\u00f3n Inicial, B\u00e1sica<br>Primaria, B\u00e1sica Secundaria, Media T\u00e9cnica y Educaci\u00f3n por Ciclos Lectivos Especiales<br>Integrados (CLEI) y ofertada por esta Instituci\u00f3n<\/p>\n\n\n\n<div style=\"text-align:center;\"><div style=\"margin:8px 0px 4px;\"><a href=\"https:\/\/www.calameo.com\/books\/00681727207a2c82de5d8\" target=\"_blank\">Siee I E Polit\u00e9cnico A G S Ajustes Desde Abril Octubre De 2024<\/a><\/div><iframe src=\"\/\/v.calameo.com\/?bkcode=00681727207a2c82de5d8&#038;mode=mini\" width=\"1080\" height=\"768\" frameborder=\"0\" scrolling=\"no\" allowtransparency allowfullscreen style=\"margin:0 auto;\"><\/iframe><div style=\"margin:4px 0px 8px;\"><a href=\"http:\/\/www.calameo.com\/\" target=\"_blank\"><\/a><\/div><\/div>\n","protected":false},"excerpt":{"rendered":"<p>El siguiente documento, presenta a la Comunidad de la Instituci\u00f3n EducativaPolit\u00e9cnico \u00c1lvaro Gonz\u00e1lez Santana de Sogamoso, lo que define y reglamenta elSistema Institucional de Evaluaci\u00f3n de los Estudiantes de Educaci\u00f3n Inicial, B\u00e1sicaPrimaria, B\u00e1sica Secundaria, Media T\u00e9cnica y Educaci\u00f3n por Ciclos Lectivos EspecialesIntegrados (CLEI) y ofertada por esta Instituci\u00f3n Siee I [&hellip;]<\/p>\n","protected":false},"author":1,"featured_media":485,"parent":0,"menu_order":0,"comment_status":"closed","ping_status":"closed","template":"","meta":{"footnotes":""},"class_list":["post-481","page","type-page","status-publish","has-post-thumbnail","hentry"],"_links":{"self":[{"href":"https:\/\/www.politecnicoags.edu.co\/index.php?rest_route=\/wp\/v2\/pages\/481","targetHints":{"allow":["GET"]}}],"collection":[{"href":"https:\/\/www.politecnicoags.edu.co\/index.php?rest_route=\/wp\/v2\/pages"}],"about":[{"href":"https:\/\/www.politecnicoags.edu.co\/index.php?rest_route=\/wp\/v2\/types\/page"}],"author":[{"embeddable":true,"href":"https:\/\/www.politecnicoags.edu.co\/index.php?rest_route=\/wp\/v2\/users\/1"}],"replies":[{"embeddable":true,"href":"https:\/\/www.politecnicoags.edu.co\/index.php?rest_route=%2Fwp%2Fv2%2Fcomments&post=481"}],"version-history":[{"count":2,"href":"https:\/\/www.politecnicoags.edu.co\/index.php?rest_route=\/wp\/v2\/pages\/481\/revisions"}],"predecessor-version":[{"id":486,"href":"https:\/\/www.politecnicoags.edu.co\/index.php?rest_route=\/wp\/v2\/pages\/481\/revisions\/486"}],"wp:featuredmedia":[{"embeddable":true,"href":"https:\/\/www.politecnicoags.edu.co\/index.php?rest_route=\/wp\/v2\/media\/485"}],"wp:attachment":[{"href":"https:\/\/www.politecnicoags.edu.co\/index.php?rest_route=%2Fwp%2Fv2%2Fmedia&parent=481"}],"curies":[{"name":"wp","href":"https:\/\/api.w.org\/{rel}","templated":true}]}}